{"id":187,"date":"2024-02-16T20:38:20","date_gmt":"2024-02-17T01:38:20","guid":{"rendered":"https:\/\/centromedicoolaya.com.co\/?page_id=187"},"modified":"2024-02-17T00:22:37","modified_gmt":"2024-02-17T05:22:37","slug":"servicios","status":"publish","type":"page","link":"https:\/\/centromedicoolaya.com.co\/index.php\/servicios\/","title":{"rendered":"SERVICIOS"},"content":{"rendered":"\t\t<div data-elementor-type=\"wp-page\" data-elementor-id=\"187\" class=\"elementor elementor-187\">\n\t\t\t\t<div class=\"elementor-element elementor-element-fdbf971 e-flex e-con-boxed e-con e-parent\" data-id=\"fdbf971\" data-element_type=\"container\">\n\t\t\t\t\t<div class=\"e-con-inner\">\n\t\t<div class=\"elementor-element elementor-element-0b8cebe e-con-full e-flex e-con e-child\" data-id=\"0b8cebe\" data-element_type=\"container\">\n\t\t\t\t<div class=\"elementor-element elementor-element-d4f7a39 elementor-position-top elementor-widget elementor-widget-image-box\" data-id=\"d4f7a39\" data-element_type=\"widget\" data-widget_type=\"image-box.default\">\n\t\t\t\t<div class=\"elementor-widget-container\">\n\t\t\t<style>\/*! elementor - v3.22.0 - 26-06-2024 *\/\n.elementor-widget-image-box .elementor-image-box-content{width:100%}@media (min-width:768px){.elementor-widget-image-box.elementor-position-left .elementor-image-box-wrapper,.elementor-widget-image-box.elementor-position-right .elementor-image-box-wrapper{display:flex}.elementor-widget-image-box.elementor-position-right .elementor-image-box-wrapper{text-align:end;flex-direction:row-reverse}.elementor-widget-image-box.elementor-position-left .elementor-image-box-wrapper{text-align:start;flex-direction:row}.elementor-widget-image-box.elementor-position-top .elementor-image-box-img{margin:auto}.elementor-widget-image-box.elementor-vertical-align-top .elementor-image-box-wrapper{align-items:flex-start}.elementor-widget-image-box.elementor-vertical-align-middle .elementor-image-box-wrapper{align-items:center}.elementor-widget-image-box.elementor-vertical-align-bottom .elementor-image-box-wrapper{align-items:flex-end}}@media (max-width:767px){.elementor-widget-image-box .elementor-image-box-img{margin-left:auto!important;margin-right:auto!important;margin-bottom:15px}}.elementor-widget-image-box .elementor-image-box-img{display:inline-block}.elementor-widget-image-box .elementor-image-box-title a{color:inherit}.elementor-widget-image-box .elementor-image-box-wrapper{text-align:center}.elementor-widget-image-box .elementor-image-box-description{margin:0}<\/style><div class=\"elementor-image-box-wrapper\"><figure class=\"elementor-image-box-img\"><img fetchpriority=\"high\" decoding=\"async\" width=\"490\" height=\"434\" src=\"https:\/\/centromedicoolaya.com.co\/wp-content\/uploads\/2024\/02\/fonoaudiologia.jpg\" class=\"attachment-full size-full wp-image-216\" alt=\"\" srcset=\"https:\/\/centromedicoolaya.com.co\/wp-content\/uploads\/2024\/02\/fonoaudiologia.jpg 490w, https:\/\/centromedicoolaya.com.co\/wp-content\/uploads\/2024\/02\/fonoaudiologia-300x266.jpg 300w\" sizes=\"(max-width: 490px) 100vw, 490px\" \/><\/figure><div class=\"elementor-image-box-content\"><h3 class=\"elementor-image-box-title\">Fonoaudiolog\u00eda<\/h3><p class=\"elementor-image-box-description\">Nuestros fonoaudi\u00f3logos ofrecen evaluaci\u00f3n y tratamiento de trastornos del habla, lenguaje, audici\u00f3n y funciones relacionadas, brindando soluciones efectivas para mejorar la comunicaci\u00f3n.<\/p><\/div><\/div>\t\t<\/div>\n\t\t\t\t<\/div>\n\t\t\t\t<\/div>\n\t\t<div class=\"elementor-element elementor-element-9967edf e-con-full e-flex e-con e-child\" data-id=\"9967edf\" data-element_type=\"container\">\n\t\t\t\t<div class=\"elementor-element elementor-element-ccb1a2c elementor-position-top elementor-widget elementor-widget-image-box\" data-id=\"ccb1a2c\" data-element_type=\"widget\" data-widget_type=\"image-box.default\">\n\t\t\t\t<div class=\"elementor-widget-container\">\n\t\t\t<div class=\"elementor-image-box-wrapper\"><figure class=\"elementor-image-box-img\"><img decoding=\"async\" width=\"1200\" height=\"675\" src=\"https:\/\/centromedicoolaya.com.co\/wp-content\/uploads\/2024\/02\/diagnosticas.webp\" class=\"attachment-full size-full wp-image-217\" alt=\"\" srcset=\"https:\/\/centromedicoolaya.com.co\/wp-content\/uploads\/2024\/02\/diagnosticas.webp 1200w, https:\/\/centromedicoolaya.com.co\/wp-content\/uploads\/2024\/02\/diagnosticas-300x169.webp 300w, https:\/\/centromedicoolaya.com.co\/wp-content\/uploads\/2024\/02\/diagnosticas-1024x576.webp 1024w, https:\/\/centromedicoolaya.com.co\/wp-content\/uploads\/2024\/02\/diagnosticas-600x338.webp 600w\" sizes=\"(max-width: 1200px) 100vw, 1200px\" \/><\/figure><div class=\"elementor-image-box-content\"><h3 class=\"elementor-image-box-title\">Im\u00e1genes diagn\u00f3sticas<\/h3><p class=\"elementor-image-box-description\">Contamos con tecnolog\u00eda de vanguardia para realizar ecograf\u00edas, radiograf\u00edas y mamograf\u00edas, proporcionando resultados precisos para un diagn\u00f3stico y tratamiento adecuados.<\/p><\/div><\/div>\t\t<\/div>\n\t\t\t\t<\/div>\n\t\t\t\t<\/div>\n\t\t<div class=\"elementor-element elementor-element-8945acb e-con-full e-flex e-con e-child\" data-id=\"8945acb\" data-element_type=\"container\">\n\t\t\t\t<div class=\"elementor-element elementor-element-2ee2d5d elementor-position-top elementor-widget elementor-widget-image-box\" data-id=\"2ee2d5d\" data-element_type=\"widget\" data-widget_type=\"image-box.default\">\n\t\t\t\t<div class=\"elementor-widget-container\">\n\t\t\t<div class=\"elementor-image-box-wrapper\"><figure class=\"elementor-image-box-img\"><img decoding=\"async\" width=\"612\" height=\"408\" src=\"https:\/\/centromedicoolaya.com.co\/wp-content\/uploads\/2024\/02\/bienestar-4.jpg\" class=\"attachment-full size-full wp-image-124\" alt=\"\" srcset=\"https:\/\/centromedicoolaya.com.co\/wp-content\/uploads\/2024\/02\/bienestar-4.jpg 612w, https:\/\/centromedicoolaya.com.co\/wp-content\/uploads\/2024\/02\/bienestar-4-300x200.jpg 300w, https:\/\/centromedicoolaya.com.co\/wp-content\/uploads\/2024\/02\/bienestar-4-600x400.jpg 600w\" sizes=\"(max-width: 612px) 100vw, 612px\" \/><\/figure><div class=\"elementor-image-box-content\"><h3 class=\"elementor-image-box-title\">Ecograf\u00edas<\/h3><p class=\"elementor-image-box-description\">Nuestro servicio de ecograf\u00edas utiliza ultrasonido para obtener im\u00e1genes en tiempo real de \u00f3rganos internos, tejidos y vasos sangu\u00edneos, permitiendo un diagn\u00f3stico preciso y seguro.<\/p><\/div><\/div>\t\t<\/div>\n\t\t\t\t<\/div>\n\t\t\t\t<\/div>\n\t\t<div class=\"elementor-element elementor-element-f4f95bc e-con-full e-flex e-con e-child\" data-id=\"f4f95bc\" data-element_type=\"container\">\n\t\t\t\t<div class=\"elementor-element elementor-element-cf78c03 elementor-position-top elementor-widget elementor-widget-image-box\" data-id=\"cf78c03\" data-element_type=\"widget\" data-widget_type=\"image-box.default\">\n\t\t\t\t<div class=\"elementor-widget-container\">\n\t\t\t<div class=\"elementor-image-box-wrapper\"><figure class=\"elementor-image-box-img\"><img loading=\"lazy\" decoding=\"async\" width=\"800\" height=\"496\" src=\"https:\/\/centromedicoolaya.com.co\/wp-content\/uploads\/2024\/02\/RADIOGRAFIA-DE-TORAX.jpg\" class=\"attachment-full size-full wp-image-218\" alt=\"\" srcset=\"https:\/\/centromedicoolaya.com.co\/wp-content\/uploads\/2024\/02\/RADIOGRAFIA-DE-TORAX.jpg 800w, https:\/\/centromedicoolaya.com.co\/wp-content\/uploads\/2024\/02\/RADIOGRAFIA-DE-TORAX-300x186.jpg 300w, https:\/\/centromedicoolaya.com.co\/wp-content\/uploads\/2024\/02\/RADIOGRAFIA-DE-TORAX-600x372.jpg 600w\" sizes=\"(max-width: 800px) 100vw, 800px\" \/><\/figure><div class=\"elementor-image-box-content\"><h3 class=\"elementor-image-box-title\">Radiograf\u00edas<\/h3><p class=\"elementor-image-box-description\">Nuestro servicio de radiograf\u00edas proporciona im\u00e1genes de alta calidad de estructuras internas del cuerpo, ayudando en el diagn\u00f3stico de diversas condiciones m\u00e9dicas.<\/p><\/div><\/div>\t\t<\/div>\n\t\t\t\t<\/div>\n\t\t\t\t<\/div>\n\t\t\t\t\t<\/div>\n\t\t\t\t<\/div>\n\t\t<div class=\"elementor-element elementor-element-5fa9fa6 e-flex e-con-boxed e-con e-parent\" data-id=\"5fa9fa6\" data-element_type=\"container\">\n\t\t\t\t\t<div class=\"e-con-inner\">\n\t\t<div class=\"elementor-element elementor-element-3327c04 e-con-full e-flex e-con e-child\" data-id=\"3327c04\" data-element_type=\"container\">\n\t\t\t\t<div class=\"elementor-element elementor-element-d188b8f elementor-position-top elementor-widget elementor-widget-image-box\" data-id=\"d188b8f\" data-element_type=\"widget\" data-widget_type=\"image-box.default\">\n\t\t\t\t<div class=\"elementor-widget-container\">\n\t\t\t<div class=\"elementor-image-box-wrapper\"><figure class=\"elementor-image-box-img\"><img decoding=\"async\" src=\"https:\/\/centromedicoolaya.com.co\/wp-content\/uploads\/2024\/02\/bienestar-2.jpg\" title=\"She&#8217;s knows how to put a smile on your face\" alt=\"She&#039;s knows how to put a smile on your face\" loading=\"lazy\" \/><\/figure><div class=\"elementor-image-box-content\"><h3 class=\"elementor-image-box-title\">Medicina general<\/h3><p class=\"elementor-image-box-description\">Nuestros m\u00e9dicos generales ofrecen atenci\u00f3n integral y preventiva para el cuidado de la salud de toda la familia, abordando enfermedades comunes y derivando a especialistas seg\u00fan sea necesario.<\/p><\/div><\/div>\t\t<\/div>\n\t\t\t\t<\/div>\n\t\t\t\t<\/div>\n\t\t<div class=\"elementor-element elementor-element-0b5304a e-con-full e-flex e-con e-child\" data-id=\"0b5304a\" data-element_type=\"container\">\n\t\t\t\t<div class=\"elementor-element elementor-element-cb8530a elementor-position-top elementor-widget elementor-widget-image-box\" data-id=\"cb8530a\" data-element_type=\"widget\" data-widget_type=\"image-box.default\">\n\t\t\t\t<div class=\"elementor-widget-container\">\n\t\t\t<div class=\"elementor-image-box-wrapper\"><figure class=\"elementor-image-box-img\"><img loading=\"lazy\" decoding=\"async\" width=\"612\" height=\"408\" src=\"https:\/\/centromedicoolaya.com.co\/wp-content\/uploads\/2024\/02\/bienestar-5.jpg\" class=\"attachment-full size-full wp-image-129\" alt=\"\" srcset=\"https:\/\/centromedicoolaya.com.co\/wp-content\/uploads\/2024\/02\/bienestar-5.jpg 612w, https:\/\/centromedicoolaya.com.co\/wp-content\/uploads\/2024\/02\/bienestar-5-300x200.jpg 300w, https:\/\/centromedicoolaya.com.co\/wp-content\/uploads\/2024\/02\/bienestar-5-600x400.jpg 600w\" sizes=\"(max-width: 612px) 100vw, 612px\" \/><\/figure><div class=\"elementor-image-box-content\"><h3 class=\"elementor-image-box-title\">Medicina Interna<\/h3><p class=\"elementor-image-box-description\">Nuestros especialistas en medicina interna se enfocan en el diagn\u00f3stico, tratamiento y manejo de enfermedades complejas en adultos, brindando un enfoque integral y personalizado.<\/p><\/div><\/div>\t\t<\/div>\n\t\t\t\t<\/div>\n\t\t\t\t<\/div>\n\t\t<div class=\"elementor-element elementor-element-ca8b05a e-con-full e-flex e-con e-child\" data-id=\"ca8b05a\" data-element_type=\"container\">\n\t\t\t\t<div class=\"elementor-element elementor-element-1271d96 elementor-position-top elementor-widget elementor-widget-image-box\" data-id=\"1271d96\" data-element_type=\"widget\" data-widget_type=\"image-box.default\">\n\t\t\t\t<div class=\"elementor-widget-container\">\n\t\t\t<div class=\"elementor-image-box-wrapper\"><figure class=\"elementor-image-box-img\"><img loading=\"lazy\" decoding=\"async\" width=\"1200\" height=\"830\" src=\"https:\/\/centromedicoolaya.com.co\/wp-content\/uploads\/2024\/02\/ortopedia_y_traumatologia.jpg\" class=\"attachment-full size-full wp-image-215\" alt=\"\" srcset=\"https:\/\/centromedicoolaya.com.co\/wp-content\/uploads\/2024\/02\/ortopedia_y_traumatologia.jpg 1200w, https:\/\/centromedicoolaya.com.co\/wp-content\/uploads\/2024\/02\/ortopedia_y_traumatologia-300x208.jpg 300w, https:\/\/centromedicoolaya.com.co\/wp-content\/uploads\/2024\/02\/ortopedia_y_traumatologia-1024x708.jpg 1024w, https:\/\/centromedicoolaya.com.co\/wp-content\/uploads\/2024\/02\/ortopedia_y_traumatologia-600x415.jpg 600w\" sizes=\"(max-width: 1200px) 100vw, 1200px\" \/><\/figure><div class=\"elementor-image-box-content\"><h3 class=\"elementor-image-box-title\">Ortopedia y traumatolog\u00eda<\/h3><p class=\"elementor-image-box-description\">Nuestros especialistas en ortopedia y traumatolog\u00eda se especializan en el tratamiento de lesiones y trastornos musculoesquel\u00e9ticos, ofreciendo opciones terap\u00e9uticas innovadoras y quir\u00fargicas cuando sea necesario.<\/p><\/div><\/div>\t\t<\/div>\n\t\t\t\t<\/div>\n\t\t\t\t<\/div>\n\t\t<div class=\"elementor-element elementor-element-e6791b6 e-con-full e-flex e-con e-child\" data-id=\"e6791b6\" data-element_type=\"container\">\n\t\t\t\t<div class=\"elementor-element elementor-element-73f26c8 elementor-position-top elementor-widget elementor-widget-image-box\" data-id=\"73f26c8\" data-element_type=\"widget\" data-widget_type=\"image-box.default\">\n\t\t\t\t<div class=\"elementor-widget-container\">\n\t\t\t<div class=\"elementor-image-box-wrapper\"><figure class=\"elementor-image-box-img\"><img loading=\"lazy\" decoding=\"async\" width=\"612\" height=\"408\" src=\"https:\/\/centromedicoolaya.com.co\/wp-content\/uploads\/2024\/02\/bienestar-7.jpg\" class=\"attachment-full size-full wp-image-125\" alt=\"\" srcset=\"https:\/\/centromedicoolaya.com.co\/wp-content\/uploads\/2024\/02\/bienestar-7.jpg 612w, https:\/\/centromedicoolaya.com.co\/wp-content\/uploads\/2024\/02\/bienestar-7-300x200.jpg 300w, https:\/\/centromedicoolaya.com.co\/wp-content\/uploads\/2024\/02\/bienestar-7-600x400.jpg 600w\" sizes=\"(max-width: 612px) 100vw, 612px\" \/><\/figure><div class=\"elementor-image-box-content\"><h3 class=\"elementor-image-box-title\">Salud ocupacional<\/h3><p class=\"elementor-image-box-description\">Ofrecemos servicios de salud ocupacional enfocados en la prevenci\u00f3n de enfermedades laborales y la promoci\u00f3n de ambientes laborales seguros y saludables para los trabajadores.<\/p><\/div><\/div>\t\t<\/div>\n\t\t\t\t<\/div>\n\t\t\t\t<\/div>\n\t\t\t\t\t<\/div>\n\t\t\t\t<\/div>\n\t\t<div class=\"elementor-element elementor-element-4413556 e-flex e-con-boxed e-con e-parent\" data-id=\"4413556\" data-element_type=\"container\">\n\t\t\t\t\t<div class=\"e-con-inner\">\n\t\t<div class=\"elementor-element elementor-element-735c107 e-con-full e-flex e-con e-child\" data-id=\"735c107\" data-element_type=\"container\">\n\t\t\t\t<div class=\"elementor-element elementor-element-d91b649 elementor-position-top elementor-widget elementor-widget-image-box\" data-id=\"d91b649\" data-element_type=\"widget\" data-widget_type=\"image-box.default\">\n\t\t\t\t<div class=\"elementor-widget-container\">\n\t\t\t<div class=\"elementor-image-box-wrapper\"><figure class=\"elementor-image-box-img\"><img loading=\"lazy\" decoding=\"async\" width=\"1500\" height=\"1000\" src=\"https:\/\/centromedicoolaya.com.co\/wp-content\/uploads\/2024\/02\/mamografia.jpg\" class=\"attachment-full size-full wp-image-219\" alt=\"\" srcset=\"https:\/\/centromedicoolaya.com.co\/wp-content\/uploads\/2024\/02\/mamografia.jpg 1500w, https:\/\/centromedicoolaya.com.co\/wp-content\/uploads\/2024\/02\/mamografia-300x200.jpg 300w, https:\/\/centromedicoolaya.com.co\/wp-content\/uploads\/2024\/02\/mamografia-1024x683.jpg 1024w, https:\/\/centromedicoolaya.com.co\/wp-content\/uploads\/2024\/02\/mamografia-600x400.jpg 600w\" sizes=\"(max-width: 1500px) 100vw, 1500px\" \/><\/figure><div class=\"elementor-image-box-content\"><h3 class=\"elementor-image-box-title\">Mamograf\u00edas<\/h3><p class=\"elementor-image-box-description\">Nuestro servicio de mamograf\u00edas utiliza tecnolog\u00eda avanzada para la detecci\u00f3n temprana del c\u00e1ncer de mama, ofreciendo resultados precisos y confiables.<\/p><\/div><\/div>\t\t<\/div>\n\t\t\t\t<\/div>\n\t\t\t\t<\/div>\n\t\t<div class=\"elementor-element elementor-element-69a65c5 e-con-full e-flex e-con e-child\" data-id=\"69a65c5\" data-element_type=\"container\">\n\t\t\t\t<div class=\"elementor-element elementor-element-3d55444 elementor-position-top elementor-widget elementor-widget-image-box\" data-id=\"3d55444\" data-element_type=\"widget\" data-widget_type=\"image-box.default\">\n\t\t\t\t<div class=\"elementor-widget-container\">\n\t\t\t<div class=\"elementor-image-box-wrapper\"><figure class=\"elementor-image-box-img\"><img loading=\"lazy\" decoding=\"async\" width=\"600\" height=\"450\" src=\"https:\/\/centromedicoolaya.com.co\/wp-content\/uploads\/2024\/02\/lab.jpg\" class=\"attachment-full size-full wp-image-220\" alt=\"\" srcset=\"https:\/\/centromedicoolaya.com.co\/wp-content\/uploads\/2024\/02\/lab.jpg 600w, https:\/\/centromedicoolaya.com.co\/wp-content\/uploads\/2024\/02\/lab-300x225.jpg 300w\" sizes=\"(max-width: 600px) 100vw, 600px\" \/><\/figure><div class=\"elementor-image-box-content\"><h3 class=\"elementor-image-box-title\">Laboratorio cl\u00ednico<\/h3><p class=\"elementor-image-box-description\">Nuestro laboratorio cl\u00ednico ofrece una amplia gama de pruebas y an\u00e1lisis para el diagn\u00f3stico y seguimiento de diversas enfermedades, garantizando resultados confiables y precisos.<\/p><\/div><\/div>\t\t<\/div>\n\t\t\t\t<\/div>\n\t\t\t\t<\/div>\n\t\t<div class=\"elementor-element elementor-element-cc558bc e-con-full e-flex e-con e-child\" data-id=\"cc558bc\" data-element_type=\"container\">\n\t\t\t\t<div class=\"elementor-element elementor-element-c361873 elementor-position-top elementor-widget elementor-widget-image-box\" data-id=\"c361873\" data-element_type=\"widget\" data-widget_type=\"image-box.default\">\n\t\t\t\t<div class=\"elementor-widget-container\">\n\t\t\t<div class=\"elementor-image-box-wrapper\"><figure class=\"elementor-image-box-img\"><img loading=\"lazy\" decoding=\"async\" width=\"700\" height=\"400\" src=\"https:\/\/centromedicoolaya.com.co\/wp-content\/uploads\/2024\/02\/muestras.jpg\" class=\"attachment-full size-full wp-image-221\" alt=\"\" srcset=\"https:\/\/centromedicoolaya.com.co\/wp-content\/uploads\/2024\/02\/muestras.jpg 700w, https:\/\/centromedicoolaya.com.co\/wp-content\/uploads\/2024\/02\/muestras-300x171.jpg 300w, https:\/\/centromedicoolaya.com.co\/wp-content\/uploads\/2024\/02\/muestras-600x343.jpg 600w\" sizes=\"(max-width: 700px) 100vw, 700px\" \/><\/figure><div class=\"elementor-image-box-content\"><h3 class=\"elementor-image-box-title\">Toma de muestras<\/h3><p class=\"elementor-image-box-description\">Nuestro personal capacitado realiza la toma de muestras de manera segura y eficiente, garantizando la integridad de las muestras para un an\u00e1lisis preciso.<\/p><\/div><\/div>\t\t<\/div>\n\t\t\t\t<\/div>\n\t\t\t\t<\/div>\n\t\t<div class=\"elementor-element elementor-element-b0d77f0 e-con-full e-flex e-con e-child\" data-id=\"b0d77f0\" data-element_type=\"container\">\n\t\t\t\t<div class=\"elementor-element elementor-element-2dc442d elementor-position-top elementor-widget elementor-widget-image-box\" data-id=\"2dc442d\" data-element_type=\"widget\" data-widget_type=\"image-box.default\">\n\t\t\t\t<div class=\"elementor-widget-container\">\n\t\t\t<div class=\"elementor-image-box-wrapper\"><figure class=\"elementor-image-box-img\"><img loading=\"lazy\" decoding=\"async\" width=\"1400\" height=\"933\" src=\"https:\/\/centromedicoolaya.com.co\/wp-content\/uploads\/2024\/02\/citologia.webp\" class=\"attachment-full size-full wp-image-222\" alt=\"\" srcset=\"https:\/\/centromedicoolaya.com.co\/wp-content\/uploads\/2024\/02\/citologia.webp 1400w, https:\/\/centromedicoolaya.com.co\/wp-content\/uploads\/2024\/02\/citologia-300x200.webp 300w, https:\/\/centromedicoolaya.com.co\/wp-content\/uploads\/2024\/02\/citologia-1024x682.webp 1024w, https:\/\/centromedicoolaya.com.co\/wp-content\/uploads\/2024\/02\/citologia-600x400.webp 600w\" sizes=\"(max-width: 1400px) 100vw, 1400px\" \/><\/figure><div class=\"elementor-image-box-content\"><h3 class=\"elementor-image-box-title\">Toma de citolog\u00edas<\/h3><p class=\"elementor-image-box-description\">Nuestros especialistas realizan citolog\u00edas para detectar precozmente enfermedades como el c\u00e1ncer, contribuyendo a un diagn\u00f3stico temprano y un tratamiento oportuno.<\/p><\/div><\/div>\t\t<\/div>\n\t\t\t\t<\/div>\n\t\t\t\t<\/div>\n\t\t\t\t\t<\/div>\n\t\t\t\t<\/div>\n\t\t<div class=\"elementor-element elementor-element-faf2bd7 e-flex e-con-boxed e-con e-parent\" data-id=\"faf2bd7\" data-element_type=\"container\">\n\t\t\t\t\t<div class=\"e-con-inner\">\n\t\t\t\t\t<\/div>\n\t\t\t\t<\/div>\n\t\t\t\t<\/div>\n\t\t","protected":false},"excerpt":{"rendered":"<p>Fonoaudiolog\u00eda Nuestros fonoaudi\u00f3logos ofrecen evaluaci\u00f3n y tratamiento de trastornos del habla, lenguaje, audici\u00f3n y funciones relacionadas, brindando soluciones efectivas para mejorar la comunicaci\u00f3n. Im\u00e1genes diagn\u00f3sticas Contamos con tecnolog\u00eda de vanguardia para realizar ecograf\u00edas, radiograf\u00edas y mamograf\u00edas, proporcionando resultados precisos para un diagn\u00f3stico y tratamiento adecuados. Ecograf\u00edas Nuestro servicio de ecograf\u00edas utiliza ultrasonido para obtener im\u00e1genes &hellip; <\/p>\n<p class=\"link-more\"><a href=\"https:\/\/centromedicoolaya.com.co\/index.php\/servicios\/\" class=\"more-link\">Leer m\u00e1s<span class=\"screen-reader-text\"> \u00abSERVICIOS\u00bb<\/span><\/a><\/p>\n","protected":false},"author":1,"featured_media":0,"parent":0,"menu_order":0,"comment_status":"closed","ping_status":"closed","template":"","meta":{"om_disable_all_campaigns":false,"_monsterinsights_skip_tracking":false,"_monsterinsights_sitenote_active":false,"_monsterinsights_sitenote_note":"","_monsterinsights_sitenote_category":0,"footnotes":""},"aioseo_notices":[],"_links":{"self":[{"href":"https:\/\/centromedicoolaya.com.co\/index.php\/wp-json\/wp\/v2\/pages\/187"}],"collection":[{"href":"https:\/\/centromedicoolaya.com.co\/index.php\/wp-json\/wp\/v2\/pages"}],"about":[{"href":"https:\/\/centromedicoolaya.com.co\/index.php\/wp-json\/wp\/v2\/types\/page"}],"author":[{"embeddable":true,"href":"https:\/\/centromedicoolaya.com.co\/index.php\/wp-json\/wp\/v2\/users\/1"}],"replies":[{"embeddable":true,"href":"https:\/\/centromedicoolaya.com.co\/index.php\/wp-json\/wp\/v2\/comments?post=187"}],"version-history":[{"count":10,"href":"https:\/\/centromedicoolaya.com.co\/index.php\/wp-json\/wp\/v2\/pages\/187\/revisions"}],"predecessor-version":[{"id":232,"href":"https:\/\/centromedicoolaya.com.co\/index.php\/wp-json\/wp\/v2\/pages\/187\/revisions\/232"}],"wp:attachment":[{"href":"https:\/\/centromedicoolaya.com.co\/index.php\/wp-json\/wp\/v2\/media?parent=187"}],"curies":[{"name":"wp","href":"https:\/\/api.w.org\/{rel}","templated":true}]}}